{"id":1819,"date":"2025-07-22T15:21:48","date_gmt":"2025-07-22T15:21:48","guid":{"rendered":"https:\/\/patrakala-maroloharano.mg\/services\/"},"modified":"2025-10-09T17:05:24","modified_gmt":"2025-10-09T17:05:24","slug":"services","status":"publish","type":"page","link":"https:\/\/patrakala-maroloharano.mg\/?page_id=1819","title":{"rendered":"Nos services et produits"},"content":{"rendered":"\t\t<div data-elementor-type=\"wp-page\" data-elementor-id=\"1819\" class=\"elementor elementor-1819\">\n\t\t\t\t<div class=\"elementor-element elementor-element-93263f3 e-flex e-con-boxed e-con e-parent\" data-id=\"93263f3\" data-element_type=\"container\" data-settings=\"{&quot;background_background&quot;:&quot;classic&quot;}\">\n\t\t\t\t\t<div class=\"e-con-inner\">\n\t\t<div class=\"elementor-element elementor-element-6c32ff7 e-flex e-con-boxed e-con e-child\" data-id=\"6c32ff7\" data-element_type=\"container\">\n\t\t\t\t\t<div class=\"e-con-inner\">\n\t\t\t\t<div class=\"elementor-element elementor-element-888fcee elementor-widget elementor-widget-heading\" data-id=\"888fcee\" data-element_type=\"widget\" data-widget_type=\"heading.default\">\n\t\t\t\t<div class=\"elementor-widget-container\">\n\t\t\t\t\t<h1 class=\"elementor-heading-title elementor-size-default\">Nos services<\/h1>\t\t\t\t<\/div>\n\t\t\t\t<\/div>\n\t\t\t\t\t<\/div>\n\t\t\t\t<\/div>\n\t\t\t\t\t<\/div>\n\t\t\t\t<\/div>\n\t\t<div class=\"elementor-element elementor-element-4cb475b e-flex e-con-boxed e-con e-parent\" data-id=\"4cb475b\" data-element_type=\"container\">\n\t\t\t\t\t<div class=\"e-con-inner\">\n\t\t<div class=\"elementor-element elementor-element-9741bfd e-con-full e-flex e-con e-child\" data-id=\"9741bfd\" data-element_type=\"container\">\n\t\t\t\t<div class=\"elementor-element elementor-element-d90ef00 elementor-widget elementor-widget-image\" data-id=\"d90ef00\" data-element_type=\"widget\" data-widget_type=\"image.default\">\n\t\t\t\t<div class=\"elementor-widget-container\">\n\t\t\t\t\t\t\t\t\t\t\t\t\t\t\t<img fetchpriority=\"high\" decoding=\"async\" width=\"960\" height=\"720\" src=\"https:\/\/patrakala-maroloharano.mg\/wp-content\/uploads\/2025\/08\/Amboasary-atsimo-PAM-FAO.jpg\" class=\"attachment-full size-full wp-image-2182\" alt=\"\" srcset=\"https:\/\/patrakala-maroloharano.mg\/wp-content\/uploads\/2025\/08\/Amboasary-atsimo-PAM-FAO.jpg 960w, https:\/\/patrakala-maroloharano.mg\/wp-content\/uploads\/2025\/08\/Amboasary-atsimo-PAM-FAO-300x225.jpg 300w, https:\/\/patrakala-maroloharano.mg\/wp-content\/uploads\/2025\/08\/Amboasary-atsimo-PAM-FAO-768x576.jpg 768w\" sizes=\"(max-width: 960px) 100vw, 960px\" \/>\t\t\t\t\t\t\t\t\t\t\t\t\t\t\t<\/div>\n\t\t\t\t<\/div>\n\t\t\t\t<\/div>\n\t\t<div class=\"elementor-element elementor-element-458f621 e-con-full e-flex e-con e-child\" data-id=\"458f621\" data-element_type=\"container\">\n\t\t\t\t<div class=\"elementor-element elementor-element-57ee7d9 elementor-widget elementor-widget-heading\" data-id=\"57ee7d9\" data-element_type=\"widget\" data-widget_type=\"heading.default\">\n\t\t\t\t<div class=\"elementor-widget-container\">\n\t\t\t\t\t<h4 class=\"elementor-heading-title elementor-size-default\">Confection de kits personnalis\u00e9s<\/h4>\t\t\t\t<\/div>\n\t\t\t\t<\/div>\n\t\t\t\t<div class=\"elementor-element elementor-element-9dbc1b1 elementor-widget elementor-widget-text-editor\" data-id=\"9dbc1b1\" data-element_type=\"widget\" data-widget_type=\"text-editor.default\">\n\t\t\t\t<div class=\"elementor-widget-container\">\n\t\t\t\t\t\t\t\t\t<p>Nous concevons votre kit d&#8217;irrigation en fonction de la superficie et de la configuration exacte de votre terrain. Cette personnalisation garantit une efficacit\u00e9 optimale et une utilisation rationnelle de l&#8217;eau.<\/p>\t\t\t\t\t\t\t\t<\/div>\n\t\t\t\t<\/div>\n\t\t\t\t<div class=\"elementor-element elementor-element-7179690 elementor-widget elementor-widget-button\" data-id=\"7179690\" data-element_type=\"widget\" data-widget_type=\"button.default\">\n\t\t\t\t<div class=\"elementor-widget-container\">\n\t\t\t\t\t\t\t\t\t<div class=\"elementor-button-wrapper\">\n\t\t\t\t\t<a class=\"elementor-button elementor-button-link elementor-size-sm\" href=\"https:\/\/patrakala-maroloharano.mg\/?page_id=16\">\n\t\t\t\t\t\t<span class=\"elementor-button-content-wrapper\">\n\t\t\t\t\t\t\t\t\t<span class=\"elementor-button-text\">Demander un devis<\/span>\n\t\t\t\t\t<\/span>\n\t\t\t\t\t<\/a>\n\t\t\t\t<\/div>\n\t\t\t\t\t\t\t\t<\/div>\n\t\t\t\t<\/div>\n\t\t\t\t<\/div>\n\t\t\t\t\t<\/div>\n\t\t\t\t<\/div>\n\t\t<div class=\"elementor-element elementor-element-f270834 e-flex e-con-boxed e-con e-parent\" data-id=\"f270834\" data-element_type=\"container\">\n\t\t\t\t\t<div class=\"e-con-inner\">\n\t\t<div class=\"elementor-element elementor-element-d82f624 e-con-full e-flex e-con e-child\" data-id=\"d82f624\" data-element_type=\"container\">\n\t\t\t\t<div class=\"elementor-element elementor-element-3b778e2 elementor-widget elementor-widget-image\" data-id=\"3b778e2\" data-element_type=\"widget\" data-widget_type=\"image.default\">\n\t\t\t\t<div class=\"elementor-widget-container\">\n\t\t\t\t\t\t\t\t\t\t\t\t\t\t\t<img decoding=\"async\" width=\"1920\" height=\"1280\" src=\"https:\/\/patrakala-maroloharano.mg\/wp-content\/uploads\/2025\/07\/IMG_4875.jpg\" class=\"attachment-full size-full wp-image-2128\" alt=\"img 4875\" srcset=\"https:\/\/patrakala-maroloharano.mg\/wp-content\/uploads\/2025\/07\/IMG_4875.jpg 1920w, https:\/\/patrakala-maroloharano.mg\/wp-content\/uploads\/2025\/07\/IMG_4875-300x200.jpg 300w, https:\/\/patrakala-maroloharano.mg\/wp-content\/uploads\/2025\/07\/IMG_4875-1024x683.jpg 1024w, https:\/\/patrakala-maroloharano.mg\/wp-content\/uploads\/2025\/07\/IMG_4875-768x512.jpg 768w, https:\/\/patrakala-maroloharano.mg\/wp-content\/uploads\/2025\/07\/IMG_4875-1536x1024.jpg 1536w\" sizes=\"(max-width: 1920px) 100vw, 1920px\" \/>\t\t\t\t\t\t\t\t\t\t\t\t\t\t\t<\/div>\n\t\t\t\t<\/div>\n\t\t\t\t<\/div>\n\t\t<div class=\"elementor-element elementor-element-dda9887 e-con-full e-flex e-con e-child\" data-id=\"dda9887\" data-element_type=\"container\">\n\t\t\t\t<div class=\"elementor-element elementor-element-dbd12a7 elementor-widget elementor-widget-heading\" data-id=\"dbd12a7\" data-element_type=\"widget\" data-widget_type=\"heading.default\">\n\t\t\t\t<div class=\"elementor-widget-container\">\n\t\t\t\t\t<h4 class=\"elementor-heading-title elementor-size-default\">Formation et installation <\/h4>\t\t\t\t<\/div>\n\t\t\t\t<\/div>\n\t\t\t\t<div class=\"elementor-element elementor-element-ed08cdd elementor-widget elementor-widget-text-editor\" data-id=\"ed08cdd\" data-element_type=\"widget\" data-widget_type=\"text-editor.default\">\n\t\t\t\t<div class=\"elementor-widget-container\">\n\t\t\t\t\t\t\t\t\t<p>Nous formons vos \u00e9quipes \u00e0 l&#8217;utilisation et \u00e0 la maintenance de votre syst\u00e8me d&#8217;irrigation. Cette formation inclut les bonnes pratiques agricoles et les techniques d&#8217;optimisation des rendements.<\/p><p>De plus, notre \u00e9quipe technique assure l&#8217;installation compl\u00e8te de votre syst\u00e8me d&#8217;irrigation. Nous veillons \u00e0 ce que chaque composant soit parfaitement positionn\u00e9 pour un fonctionnement optimal de votre installation.<\/p>\t\t\t\t\t\t\t\t<\/div>\n\t\t\t\t<\/div>\n\t\t\t\t<div class=\"elementor-element elementor-element-6a32355 elementor-widget elementor-widget-button\" data-id=\"6a32355\" data-element_type=\"widget\" data-widget_type=\"button.default\">\n\t\t\t\t<div class=\"elementor-widget-container\">\n\t\t\t\t\t\t\t\t\t<div class=\"elementor-button-wrapper\">\n\t\t\t\t\t<a class=\"elementor-button elementor-button-link elementor-size-sm\" href=\"https:\/\/patrakala-maroloharano.mg\/?page_id=16\">\n\t\t\t\t\t\t<span class=\"elementor-button-content-wrapper\">\n\t\t\t\t\t\t\t\t\t<span class=\"elementor-button-text\">Nous contacter<\/span>\n\t\t\t\t\t<\/span>\n\t\t\t\t\t<\/a>\n\t\t\t\t<\/div>\n\t\t\t\t\t\t\t\t<\/div>\n\t\t\t\t<\/div>\n\t\t\t\t<\/div>\n\t\t\t\t\t<\/div>\n\t\t\t\t<\/div>\n\t\t<div class=\"elementor-element elementor-element-89f0651 e-flex e-con-boxed e-con e-parent\" data-id=\"89f0651\" data-element_type=\"container\">\n\t\t\t\t\t<div class=\"e-con-inner\">\n\t\t<div class=\"elementor-element elementor-element-0d63c59 e-con-full e-flex e-con e-child\" data-id=\"0d63c59\" data-element_type=\"container\">\n\t\t\t\t<div class=\"elementor-element elementor-element-65c3c3c elementor-widget elementor-widget-image\" data-id=\"65c3c3c\" data-element_type=\"widget\" data-widget_type=\"image.default\">\n\t\t\t\t<div class=\"elementor-widget-container\">\n\t\t\t\t\t\t\t\t\t\t\t\t\t\t\t<img decoding=\"async\" width=\"1920\" height=\"1280\" src=\"https:\/\/patrakala-maroloharano.mg\/wp-content\/uploads\/2025\/08\/IMG_4879.jpg\" class=\"attachment-full size-full wp-image-2183\" alt=\"img 4879\" srcset=\"https:\/\/patrakala-maroloharano.mg\/wp-content\/uploads\/2025\/08\/IMG_4879.jpg 1920w, https:\/\/patrakala-maroloharano.mg\/wp-content\/uploads\/2025\/08\/IMG_4879-300x200.jpg 300w, https:\/\/patrakala-maroloharano.mg\/wp-content\/uploads\/2025\/08\/IMG_4879-1024x683.jpg 1024w, https:\/\/patrakala-maroloharano.mg\/wp-content\/uploads\/2025\/08\/IMG_4879-768x512.jpg 768w, https:\/\/patrakala-maroloharano.mg\/wp-content\/uploads\/2025\/08\/IMG_4879-1536x1024.jpg 1536w\" sizes=\"(max-width: 1920px) 100vw, 1920px\" \/>\t\t\t\t\t\t\t\t\t\t\t\t\t\t\t<\/div>\n\t\t\t\t<\/div>\n\t\t\t\t<\/div>\n\t\t<div class=\"elementor-element elementor-element-4897024 e-con-full e-flex e-con e-child\" data-id=\"4897024\" data-element_type=\"container\">\n\t\t\t\t<div class=\"elementor-element elementor-element-6bf4288 elementor-widget elementor-widget-heading\" data-id=\"6bf4288\" data-element_type=\"widget\" data-widget_type=\"heading.default\">\n\t\t\t\t<div class=\"elementor-widget-container\">\n\t\t\t\t\t<h4 class=\"elementor-heading-title elementor-size-default\"><p style=\"line-height:normal\"><b>Service apr\u00e8s-vente garanti<\/b><\/p><\/h4>\t\t\t\t<\/div>\n\t\t\t\t<\/div>\n\t\t\t\t<div class=\"elementor-element elementor-element-2080280 elementor-widget elementor-widget-text-editor\" data-id=\"2080280\" data-element_type=\"widget\" data-widget_type=\"text-editor.default\">\n\t\t\t\t<div class=\"elementor-widget-container\">\n\t\t\t\t\t\t\t\t\t<p>Notre engagement se poursuit apr\u00e8s l&#8217;installation avec un service apr\u00e8s-vente complet : remplacement des pi\u00e8ces d\u00e9fectueuses, assistance technique, conseils d&#8217;optimisation et suivi r\u00e9gulier de vos installations.<\/p>\t\t\t\t\t\t\t\t<\/div>\n\t\t\t\t<\/div>\n\t\t\t\t<div class=\"elementor-element elementor-element-a98e0b4 elementor-widget elementor-widget-button\" data-id=\"a98e0b4\" data-element_type=\"widget\" data-widget_type=\"button.default\">\n\t\t\t\t<div class=\"elementor-widget-container\">\n\t\t\t\t\t\t\t\t\t<div class=\"elementor-button-wrapper\">\n\t\t\t\t\t<a class=\"elementor-button elementor-button-link elementor-size-sm\" href=\"#\">\n\t\t\t\t\t\t<span class=\"elementor-button-content-wrapper\">\n\t\t\t\t\t\t\t\t\t<span class=\"elementor-button-text\">Planifier une visite<\/span>\n\t\t\t\t\t<\/span>\n\t\t\t\t\t<\/a>\n\t\t\t\t<\/div>\n\t\t\t\t\t\t\t\t<\/div>\n\t\t\t\t<\/div>\n\t\t\t\t<\/div>\n\t\t\t\t\t<\/div>\n\t\t\t\t<\/div>\n\t\t<div class=\"elementor-element elementor-element-b2e9ed2 e-flex e-con-boxed e-con e-parent\" data-id=\"b2e9ed2\" data-element_type=\"container\" data-settings=\"{&quot;background_background&quot;:&quot;classic&quot;}\">\n\t\t\t\t\t<div class=\"e-con-inner\">\n\t\t<div class=\"elementor-element elementor-element-ab8d7ad e-flex e-con-boxed e-con e-child\" data-id=\"ab8d7ad\" data-element_type=\"container\">\n\t\t\t\t\t<div class=\"e-con-inner\">\n\t\t\t\t<div class=\"elementor-element elementor-element-7e8ae0c elementor-widget elementor-widget-heading\" data-id=\"7e8ae0c\" data-element_type=\"widget\" data-widget_type=\"heading.default\">\n\t\t\t\t<div class=\"elementor-widget-container\">\n\t\t\t\t\t<h1 class=\"elementor-heading-title elementor-size-default\">Nos produits<\/h1>\t\t\t\t<\/div>\n\t\t\t\t<\/div>\n\t\t\t\t\t<\/div>\n\t\t\t\t<\/div>\n\t\t\t\t\t<\/div>\n\t\t\t\t<\/div>\n\t\t<div class=\"elementor-element elementor-element-6d72067 e-flex e-con-boxed e-con e-parent\" data-id=\"6d72067\" data-element_type=\"container\">\n\t\t\t\t\t<div class=\"e-con-inner\">\n\t\t<div class=\"elementor-element elementor-element-454b9a8 e-con-full e-flex e-con e-child\" data-id=\"454b9a8\" data-element_type=\"container\">\n\t\t\t\t<div class=\"elementor-element elementor-element-0c71404 elementor-widget elementor-widget-image\" data-id=\"0c71404\" data-element_type=\"widget\" data-widget_type=\"image.default\">\n\t\t\t\t<div class=\"elementor-widget-container\">\n\t\t\t\t\t\t\t\t\t\t\t\t\t\t\t<img loading=\"lazy\" decoding=\"async\" width=\"1920\" height=\"1280\" src=\"https:\/\/patrakala-maroloharano.mg\/wp-content\/uploads\/2025\/10\/IMG_7903.jpg\" class=\"attachment-full size-full wp-image-2211\" alt=\"img 7903\" srcset=\"https:\/\/patrakala-maroloharano.mg\/wp-content\/uploads\/2025\/10\/IMG_7903.jpg 1920w, https:\/\/patrakala-maroloharano.mg\/wp-content\/uploads\/2025\/10\/IMG_7903-300x200.jpg 300w, https:\/\/patrakala-maroloharano.mg\/wp-content\/uploads\/2025\/10\/IMG_7903-1024x683.jpg 1024w, https:\/\/patrakala-maroloharano.mg\/wp-content\/uploads\/2025\/10\/IMG_7903-768x512.jpg 768w, https:\/\/patrakala-maroloharano.mg\/wp-content\/uploads\/2025\/10\/IMG_7903-1536x1024.jpg 1536w\" sizes=\"(max-width: 1920px) 100vw, 1920px\" \/>\t\t\t\t\t\t\t\t\t\t\t\t\t\t\t<\/div>\n\t\t\t\t<\/div>\n\t\t\t\t<\/div>\n\t\t<div class=\"elementor-element elementor-element-ac2f5dc e-con-full e-flex e-con e-child\" data-id=\"ac2f5dc\" data-element_type=\"container\">\n\t\t\t\t<div class=\"elementor-element elementor-element-f910ecb elementor-widget elementor-widget-heading\" data-id=\"f910ecb\" data-element_type=\"widget\" data-widget_type=\"heading.default\">\n\t\t\t\t<div class=\"elementor-widget-container\">\n\t\t\t\t\t<h4 class=\"elementor-heading-title elementor-size-default\">Pompe \u00e0 p\u00e9dales<\/h4>\t\t\t\t<\/div>\n\t\t\t\t<\/div>\n\t\t\t\t<div class=\"elementor-element elementor-element-07c832a elementor-widget elementor-widget-text-editor\" data-id=\"07c832a\" data-element_type=\"widget\" data-widget_type=\"text-editor.default\">\n\t\t\t\t<div class=\"elementor-widget-container\">\n\t\t\t\t\t\t\t\t\t<p>Nous mettons en vente des pompes \u00e0 p\u00e9dales aspirante-refoulante pour l&#8217;irrigation de votre site, fournis avec les accessoires.\u00a0<\/p>\t\t\t\t\t\t\t\t<\/div>\n\t\t\t\t<\/div>\n\t\t\t\t<div class=\"elementor-element elementor-element-ebb343f elementor-widget elementor-widget-button\" data-id=\"ebb343f\" data-element_type=\"widget\" data-widget_type=\"button.default\">\n\t\t\t\t<div class=\"elementor-widget-container\">\n\t\t\t\t\t\t\t\t\t<div class=\"elementor-button-wrapper\">\n\t\t\t\t\t<a class=\"elementor-button elementor-button-link elementor-size-sm\" href=\"https:\/\/patrakala-maroloharano.mg\/?page_id=16\">\n\t\t\t\t\t\t<span class=\"elementor-button-content-wrapper\">\n\t\t\t\t\t\t\t\t\t<span class=\"elementor-button-text\">Commander maintenant<\/span>\n\t\t\t\t\t<\/span>\n\t\t\t\t\t<\/a>\n\t\t\t\t<\/div>\n\t\t\t\t\t\t\t\t<\/div>\n\t\t\t\t<\/div>\n\t\t\t\t<\/div>\n\t\t\t\t\t<\/div>\n\t\t\t\t<\/div>\n\t\t<div class=\"elementor-element elementor-element-7495409 e-flex e-con-boxed e-con e-parent\" data-id=\"7495409\" data-element_type=\"container\">\n\t\t\t\t\t<div class=\"e-con-inner\">\n\t\t<div class=\"elementor-element elementor-element-0dabca8 e-con-full e-flex e-con e-child\" data-id=\"0dabca8\" data-element_type=\"container\">\n\t\t\t\t<div class=\"elementor-element elementor-element-bffab78 elementor-widget elementor-widget-image\" data-id=\"bffab78\" data-element_type=\"widget\" data-widget_type=\"image.default\">\n\t\t\t\t<div class=\"elementor-widget-container\">\n\t\t\t\t\t\t\t\t\t\t\t\t\t\t\t<img decoding=\"async\" width=\"1920\" height=\"1280\" src=\"https:\/\/patrakala-maroloharano.mg\/wp-content\/uploads\/2025\/08\/IMG_4879.jpg\" class=\"attachment-full size-full wp-image-2183\" alt=\"img 4879\" srcset=\"https:\/\/patrakala-maroloharano.mg\/wp-content\/uploads\/2025\/08\/IMG_4879.jpg 1920w, https:\/\/patrakala-maroloharano.mg\/wp-content\/uploads\/2025\/08\/IMG_4879-300x200.jpg 300w, https:\/\/patrakala-maroloharano.mg\/wp-content\/uploads\/2025\/08\/IMG_4879-1024x683.jpg 1024w, https:\/\/patrakala-maroloharano.mg\/wp-content\/uploads\/2025\/08\/IMG_4879-768x512.jpg 768w, https:\/\/patrakala-maroloharano.mg\/wp-content\/uploads\/2025\/08\/IMG_4879-1536x1024.jpg 1536w\" sizes=\"(max-width: 1920px) 100vw, 1920px\" \/>\t\t\t\t\t\t\t\t\t\t\t\t\t\t\t<\/div>\n\t\t\t\t<\/div>\n\t\t\t\t<\/div>\n\t\t<div class=\"elementor-element elementor-element-b500460 e-con-full e-flex e-con e-child\" data-id=\"b500460\" data-element_type=\"container\">\n\t\t\t\t<div class=\"elementor-element elementor-element-e2adebd elementor-widget elementor-widget-heading\" data-id=\"e2adebd\" data-element_type=\"widget\" data-widget_type=\"heading.default\">\n\t\t\t\t<div class=\"elementor-widget-container\">\n\t\t\t\t\t<h4 class=\"elementor-heading-title elementor-size-default\">Kits d'irrigation <\/h4>\t\t\t\t<\/div>\n\t\t\t\t<\/div>\n\t\t\t\t<div class=\"elementor-element elementor-element-7c8a4a5 elementor-widget elementor-widget-text-editor\" data-id=\"7c8a4a5\" data-element_type=\"widget\" data-widget_type=\"text-editor.default\">\n\t\t\t\t<div class=\"elementor-widget-container\">\n\t\t\t\t\t\t\t\t\t<p>Nos kits couvrent toutes les superficies : 50m\u00b2, 100m\u00b2, 150m\u00b2, 200m\u00b2, 250m\u00b2, 300m\u00b2, 400m\u00b2, 500m\u00b2, 600m\u00b2, 1000m\u00b2 et autres dimensions sur mesure. Fabriqu\u00e9s avec des mat\u00e9riaux plastiques de haute qualit\u00e9, nos tuyaux sont disponibles en diff\u00e9rentes dimensions pour s&#8217;adapter \u00e0 tous les besoins.<\/p>\t\t\t\t\t\t\t\t<\/div>\n\t\t\t\t<\/div>\n\t\t\t\t<div class=\"elementor-element elementor-element-8a1dd62 elementor-widget elementor-widget-button\" data-id=\"8a1dd62\" data-element_type=\"widget\" data-widget_type=\"button.default\">\n\t\t\t\t<div class=\"elementor-widget-container\">\n\t\t\t\t\t\t\t\t\t<div class=\"elementor-button-wrapper\">\n\t\t\t\t\t<a class=\"elementor-button elementor-button-link elementor-size-sm\" href=\"https:\/\/patrakala-maroloharano.mg\/?page_id=16\">\n\t\t\t\t\t\t<span class=\"elementor-button-content-wrapper\">\n\t\t\t\t\t\t\t\t\t<span class=\"elementor-button-text\">Demander un devis<\/span>\n\t\t\t\t\t<\/span>\n\t\t\t\t\t<\/a>\n\t\t\t\t<\/div>\n\t\t\t\t\t\t\t\t<\/div>\n\t\t\t\t<\/div>\n\t\t\t\t<\/div>\n\t\t\t\t\t<\/div>\n\t\t\t\t<\/div>\n\t\t<div class=\"elementor-element elementor-element-399f684 e-flex e-con-boxed e-con e-parent\" data-id=\"399f684\" data-element_type=\"container\">\n\t\t\t\t\t<div class=\"e-con-inner\">\n\t\t<div class=\"elementor-element elementor-element-fa59855 e-con-full e-flex e-con e-child\" data-id=\"fa59855\" data-element_type=\"container\">\n\t\t\t\t<div class=\"elementor-element elementor-element-93a490a elementor-widget elementor-widget-image\" data-id=\"93a490a\" data-element_type=\"widget\" data-widget_type=\"image.default\">\n\t\t\t\t<div class=\"elementor-widget-container\">\n\t\t\t\t\t\t\t\t\t\t\t\t\t\t\t<img loading=\"lazy\" decoding=\"async\" width=\"2560\" height=\"1920\" src=\"https:\/\/patrakala-maroloharano.mg\/wp-content\/uploads\/2025\/08\/IMG_3376-scaled.jpg\" class=\"attachment-full size-full wp-image-2181\" alt=\"img 3376\" srcset=\"https:\/\/patrakala-maroloharano.mg\/wp-content\/uploads\/2025\/08\/IMG_3376-scaled.jpg 2560w, https:\/\/patrakala-maroloharano.mg\/wp-content\/uploads\/2025\/08\/IMG_3376-300x225.jpg 300w, https:\/\/patrakala-maroloharano.mg\/wp-content\/uploads\/2025\/08\/IMG_3376-1024x768.jpg 1024w, https:\/\/patrakala-maroloharano.mg\/wp-content\/uploads\/2025\/08\/IMG_3376-768x576.jpg 768w, https:\/\/patrakala-maroloharano.mg\/wp-content\/uploads\/2025\/08\/IMG_3376-1536x1152.jpg 1536w, https:\/\/patrakala-maroloharano.mg\/wp-content\/uploads\/2025\/08\/IMG_3376-2048x1536.jpg 2048w\" sizes=\"(max-width: 2560px) 100vw, 2560px\" \/>\t\t\t\t\t\t\t\t\t\t\t\t\t\t\t<\/div>\n\t\t\t\t<\/div>\n\t\t\t\t<\/div>\n\t\t<div class=\"elementor-element elementor-element-7fd3022 e-con-full e-flex e-con e-child\" data-id=\"7fd3022\" data-element_type=\"container\">\n\t\t\t\t<div class=\"elementor-element elementor-element-3be451a elementor-widget elementor-widget-heading\" data-id=\"3be451a\" data-element_type=\"widget\" data-widget_type=\"heading.default\">\n\t\t\t\t<div class=\"elementor-widget-container\">\n\t\t\t\t\t<h4 class=\"elementor-heading-title elementor-size-default\">R\u00e9servoir d'eau<\/h4>\t\t\t\t<\/div>\n\t\t\t\t<\/div>\n\t\t\t\t<div class=\"elementor-element elementor-element-562d482 elementor-widget elementor-widget-text-editor\" data-id=\"562d482\" data-element_type=\"widget\" data-widget_type=\"text-editor.default\">\n\t\t\t\t<div class=\"elementor-widget-container\">\n\t\t\t\t\t\t\t\t\t<p>Nos r\u00e9servoirs en b\u00e2che soud\u00e9e avec fond circulaire sont disponibles en plusieurs volumes : 200L, 250L, 400L, 500L, 600L et 1000L. Chaque r\u00e9servoir est livr\u00e9 avec un kit de r\u00e9paration pour garantir sa durabilit\u00e9 et faciliter la maintenance.<\/p>\t\t\t\t\t\t\t\t<\/div>\n\t\t\t\t<\/div>\n\t\t\t\t<div class=\"elementor-element elementor-element-4fcf24a elementor-widget elementor-widget-button\" data-id=\"4fcf24a\" data-element_type=\"widget\" data-widget_type=\"button.default\">\n\t\t\t\t<div class=\"elementor-widget-container\">\n\t\t\t\t\t\t\t\t\t<div class=\"elementor-button-wrapper\">\n\t\t\t\t\t<a class=\"elementor-button elementor-button-link elementor-size-sm\" href=\"https:\/\/patrakala-maroloharano.mg\/?page_id=16\">\n\t\t\t\t\t\t<span class=\"elementor-button-content-wrapper\">\n\t\t\t\t\t\t\t\t\t<span class=\"elementor-button-text\">Demander un devis<\/span>\n\t\t\t\t\t<\/span>\n\t\t\t\t\t<\/a>\n\t\t\t\t<\/div>\n\t\t\t\t\t\t\t\t<\/div>\n\t\t\t\t<\/div>\n\t\t\t\t<\/div>\n\t\t\t\t\t<\/div>\n\t\t\t\t<\/div>\n\t\t\t\t<\/div>\n\t\t","protected":false},"excerpt":{"rendered":"<p>Nos services Confection de kits personnalis\u00e9s Nous concevons votre kit d&#8217;irrigation en fonction de la superficie et de la configuration exacte de votre terrain. Cette personnalisation garantit une efficacit\u00e9 optimale et une utilisation rationnelle de l&#8217;eau. Demander un devis Formation et installation Nous formons vos \u00e9quipes \u00e0 l&#8217;utilisation et \u00e0 la maintenance de votre syst\u00e8me [&hellip;]<\/p>\n","protected":false},"author":1,"featured_media":0,"parent":0,"menu_order":0,"comment_status":"closed","ping_status":"closed","template":"","meta":{"site-sidebar-layout":"no-sidebar","site-content-layout":"page-builder","ast-site-content-layout":"default","site-content-style":"default","site-sidebar-style":"default","ast-global-header-display":"","ast-banner-title-visibility":"","ast-main-header-display":"","ast-hfb-above-header-display":"","ast-hfb-below-header-display":"","ast-hfb-mobile-header-display":"","site-post-title":"disabled","ast-breadcrumbs-content":"","ast-featured-img":"disabled","footer-sml-layout":"","theme-transparent-header-meta":"enabled","adv-header-id-meta":"","stick-header-meta":"","header-above-stick-meta":"","header-main-stick-meta":"","header-below-stick-meta":"","astra-migrate-meta-layouts":"default","ast-page-background-enabled":"default","ast-page-background-meta":{"desktop":{"background-color":"var(--ast-global-color-4)","background-image":"","background-repeat":"repeat","background-position":"center center","background-size":"auto","background-attachment":"scroll","background-type":"","background-media":"","overlay-type":"","overlay-color":"","overlay-opacity":"","overlay-gradient":""},"tablet":{"background-color":"","background-image":"","background-repeat":"repeat","background-position":"center center","background-size":"auto","background-attachment":"scroll","background-type":"","background-media":"","overlay-type":"","overlay-color":"","overlay-opacity":"","overlay-gradient":""},"mobile":{"background-color":"","background-image":"","background-repeat":"repeat","background-position":"center center","background-size":"auto","background-attachment":"scroll","background-type":"","background-media":"","overlay-type":"","overlay-color":"","overlay-opacity":"","overlay-gradient":""}},"ast-content-background-meta":{"desktop":{"background-color":"var(--ast-global-color-5)","background-image":"","background-repeat":"repeat","background-position":"center center","background-size":"auto","background-attachment":"scroll","background-type":"","background-media":"","overlay-type":"","overlay-color":"","overlay-opacity":"","overlay-gradient":""},"tablet":{"background-color":"var(--ast-global-color-5)","background-image":"","background-repeat":"repeat","background-position":"center center","background-size":"auto","background-attachment":"scroll","background-type":"","background-media":"","overlay-type":"","overlay-color":"","overlay-opacity":"","overlay-gradient":""},"mobile":{"background-color":"var(--ast-global-color-5)","background-image":"","background-repeat":"repeat","background-position":"center center","background-size":"auto","background-attachment":"scroll","background-type":"","background-media":"","overlay-type":"","overlay-color":"","overlay-opacity":"","overlay-gradient":""}},"footnotes":""},"class_list":["post-1819","page","type-page","status-publish","hentry"],"_links":{"self":[{"href":"https:\/\/patrakala-maroloharano.mg\/index.php?rest_route=\/wp\/v2\/pages\/1819","targetHints":{"allow":["GET"]}}],"collection":[{"href":"https:\/\/patrakala-maroloharano.mg\/index.php?rest_route=\/wp\/v2\/pages"}],"about":[{"href":"https:\/\/patrakala-maroloharano.mg\/index.php?rest_route=\/wp\/v2\/types\/page"}],"author":[{"embeddable":true,"href":"https:\/\/patrakala-maroloharano.mg\/index.php?rest_route=\/wp\/v2\/users\/1"}],"replies":[{"embeddable":true,"href":"https:\/\/patrakala-maroloharano.mg\/index.php?rest_route=%2Fwp%2Fv2%2Fcomments&post=1819"}],"version-history":[{"count":9,"href":"https:\/\/patrakala-maroloharano.mg\/index.php?rest_route=\/wp\/v2\/pages\/1819\/revisions"}],"predecessor-version":[{"id":2214,"href":"https:\/\/patrakala-maroloharano.mg\/index.php?rest_route=\/wp\/v2\/pages\/1819\/revisions\/2214"}],"wp:attachment":[{"href":"https:\/\/patrakala-maroloharano.mg\/index.php?rest_route=%2Fwp%2Fv2%2Fmedia&parent=1819"}],"curies":[{"name":"wp","href":"https:\/\/api.w.org\/{rel}","templated":true}]}}