{"id":1818,"date":"2025-07-22T15:21:48","date_gmt":"2025-07-22T15:21:48","guid":{"rendered":"https:\/\/patrakala-maroloharano.mg\/about\/"},"modified":"2025-08-02T18:49:13","modified_gmt":"2025-08-02T18:49:13","slug":"about","status":"publish","type":"page","link":"https:\/\/patrakala-maroloharano.mg\/?page_id=1818","title":{"rendered":"About"},"content":{"rendered":"\t\t<div data-elementor-type=\"wp-page\" data-elementor-id=\"1818\" class=\"elementor elementor-1818\">\n\t\t\t\t<div class=\"elementor-element elementor-element-dcfb448 e-flex e-con-boxed e-con e-parent\" data-id=\"dcfb448\" data-element_type=\"container\" data-settings=\"{&quot;background_background&quot;:&quot;classic&quot;}\">\n\t\t\t\t\t<div class=\"e-con-inner\">\n\t\t<div class=\"elementor-element elementor-element-d21b7e0 e-flex e-con-boxed e-con e-child\" data-id=\"d21b7e0\" data-element_type=\"container\">\n\t\t\t\t\t<div class=\"e-con-inner\">\n\t\t\t\t<div class=\"elementor-element elementor-element-e9fd9dc elementor-widget elementor-widget-heading\" data-id=\"e9fd9dc\" data-element_type=\"widget\" data-widget_type=\"heading.default\">\n\t\t\t\t<div class=\"elementor-widget-container\">\n\t\t\t\t\t<h1 class=\"elementor-heading-title elementor-size-default\">MAROLOHARANO <\/h1>\t\t\t\t<\/div>\n\t\t\t\t<\/div>\n\t\t\t\t<div class=\"elementor-element elementor-element-c7a8f6a elementor-widget-divider--view-line elementor-widget elementor-widget-divider\" data-id=\"c7a8f6a\" data-element_type=\"widget\" data-widget_type=\"divider.default\">\n\t\t\t\t<div class=\"elementor-widget-container\">\n\t\t\t\t\t\t\t<div class=\"elementor-divider\">\n\t\t\t<span class=\"elementor-divider-separator\">\n\t\t\t\t\t\t<\/span>\n\t\t<\/div>\n\t\t\t\t\t\t<\/div>\n\t\t\t\t<\/div>\n\t\t\t\t\t<\/div>\n\t\t\t\t<\/div>\n\t\t\t\t\t<\/div>\n\t\t\t\t<\/div>\n\t\t<div class=\"elementor-element elementor-element-78a5418 e-flex e-con-boxed e-con e-parent\" data-id=\"78a5418\" data-element_type=\"container\">\n\t\t\t\t\t<div class=\"e-con-inner\">\n\t\t<div class=\"elementor-element elementor-element-45e7a46 e-con-full e-flex e-con e-child\" data-id=\"45e7a46\" data-element_type=\"container\">\n\t\t\t\t<div class=\"elementor-element elementor-element-6c690bc elementor-widget elementor-widget-heading\" data-id=\"6c690bc\" data-element_type=\"widget\" data-widget_type=\"heading.default\">\n\t\t\t\t<div class=\"elementor-widget-container\">\n\t\t\t\t\t<h3 class=\"elementor-heading-title elementor-size-default\">Nos origines<\/h3>\t\t\t\t<\/div>\n\t\t\t\t<\/div>\n\t\t\t\t<div class=\"elementor-element elementor-element-75a29c8 elementor-widget elementor-widget-image\" data-id=\"75a29c8\" data-element_type=\"widget\" data-widget_type=\"image.default\">\n\t\t\t\t<div class=\"elementor-widget-container\">\n\t\t\t\t\t\t\t\t\t\t\t\t\t\t\t<img fetchpriority=\"high\" decoding=\"async\" width=\"1024\" height=\"768\" src=\"https:\/\/patrakala-maroloharano.mg\/wp-content\/uploads\/2025\/07\/IMG_3388-1024x768.jpg\" class=\"attachment-large size-large wp-image-2127\" alt=\"img 3388\" srcset=\"https:\/\/patrakala-maroloharano.mg\/wp-content\/uploads\/2025\/07\/IMG_3388-1024x768.jpg 1024w, https:\/\/patrakala-maroloharano.mg\/wp-content\/uploads\/2025\/07\/IMG_3388-300x225.jpg 300w, https:\/\/patrakala-maroloharano.mg\/wp-content\/uploads\/2025\/07\/IMG_3388-768x576.jpg 768w, https:\/\/patrakala-maroloharano.mg\/wp-content\/uploads\/2025\/07\/IMG_3388-1536x1152.jpg 1536w, https:\/\/patrakala-maroloharano.mg\/wp-content\/uploads\/2025\/07\/IMG_3388-2048x1536.jpg 2048w\" sizes=\"(max-width: 1024px) 100vw, 1024px\" \/>\t\t\t\t\t\t\t\t\t\t\t\t\t\t\t<\/div>\n\t\t\t\t<\/div>\n\t\t\t\t<div class=\"elementor-element elementor-element-8247e5e elementor-widget elementor-widget-text-editor\" data-id=\"8247e5e\" data-element_type=\"widget\" data-widget_type=\"text-editor.default\">\n\t\t\t\t<div class=\"elementor-widget-container\">\n\t\t\t\t\t\t\t\t\t<p>Cr\u00e9\u00e9 en 2011, l&#8217;\u00c9tablissement PATRAKALA s&#8217;est impos\u00e9 comme la r\u00e9f\u00e9rence malagasy en mati\u00e8re de mise au point et de diffusion de kits d&#8217;irrigation goutte \u00e0 goutte. Notre parcours t\u00e9moigne d&#8217;un engagement constant envers l&#8217;innovation et l&#8217;excellence dans le domaine de l&#8217;irrigation.<\/p>\t\t\t\t\t\t\t\t<\/div>\n\t\t\t\t<\/div>\n\t\t\t\t<\/div>\n\t\t<div class=\"elementor-element elementor-element-a0a9d5d e-con-full e-flex e-con e-child\" data-id=\"a0a9d5d\" data-element_type=\"container\">\n\t\t\t\t<div class=\"elementor-element elementor-element-df4f4fc elementor-widget elementor-widget-heading\" data-id=\"df4f4fc\" data-element_type=\"widget\" data-widget_type=\"heading.default\">\n\t\t\t\t<div class=\"elementor-widget-container\">\n\t\t\t\t\t<h3 class=\"elementor-heading-title elementor-size-default\">Notre vision<\/h3>\t\t\t\t<\/div>\n\t\t\t\t<\/div>\n\t\t\t\t<div class=\"elementor-element elementor-element-f9109f0 elementor-widget elementor-widget-image\" data-id=\"f9109f0\" data-element_type=\"widget\" data-widget_type=\"image.default\">\n\t\t\t\t<div class=\"elementor-widget-container\">\n\t\t\t\t\t\t\t\t\t\t\t\t\t\t\t<img decoding=\"async\" width=\"1024\" height=\"683\" src=\"https:\/\/patrakala-maroloharano.mg\/wp-content\/uploads\/2025\/08\/IMG_4905-1024x683.jpg\" class=\"attachment-large size-large wp-image-2185\" alt=\"img 4905\" srcset=\"https:\/\/patrakala-maroloharano.mg\/wp-content\/uploads\/2025\/08\/IMG_4905-1024x683.jpg 1024w, https:\/\/patrakala-maroloharano.mg\/wp-content\/uploads\/2025\/08\/IMG_4905-300x200.jpg 300w, https:\/\/patrakala-maroloharano.mg\/wp-content\/uploads\/2025\/08\/IMG_4905-768x512.jpg 768w, https:\/\/patrakala-maroloharano.mg\/wp-content\/uploads\/2025\/08\/IMG_4905-1536x1024.jpg 1536w, https:\/\/patrakala-maroloharano.mg\/wp-content\/uploads\/2025\/08\/IMG_4905.jpg 1920w\" sizes=\"(max-width: 1024px) 100vw, 1024px\" \/>\t\t\t\t\t\t\t\t\t\t\t\t\t\t\t<\/div>\n\t\t\t\t<\/div>\n\t\t\t\t<div class=\"elementor-element elementor-element-aeab6ac elementor-widget elementor-widget-text-editor\" data-id=\"aeab6ac\" data-element_type=\"widget\" data-widget_type=\"text-editor.default\">\n\t\t\t\t<div class=\"elementor-widget-container\">\n\t\t\t\t\t\t\t\t\t<p>Nous aspirons \u00e0 r\u00e9volutionner l&#8217;agriculture malgache en d\u00e9mocratisant l&#8217;acc\u00e8s aux technologies d&#8217;irrigation modernes. Notre vision s&#8217;articule autour du d\u00e9veloppement durable et de l&#8217;adaptation aux d\u00e9fis du changement climatique.<\/p>\t\t\t\t\t\t\t\t<\/div>\n\t\t\t\t<\/div>\n\t\t\t\t<\/div>\n\t\t<div class=\"elementor-element elementor-element-38f3607 e-con-full e-flex e-con e-child\" data-id=\"38f3607\" data-element_type=\"container\">\n\t\t\t\t<div class=\"elementor-element elementor-element-00e4ffc elementor-widget elementor-widget-heading\" data-id=\"00e4ffc\" data-element_type=\"widget\" data-widget_type=\"heading.default\">\n\t\t\t\t<div class=\"elementor-widget-container\">\n\t\t\t\t\t<h3 class=\"elementor-heading-title elementor-size-default\">Nos ambitions<\/h3>\t\t\t\t<\/div>\n\t\t\t\t<\/div>\n\t\t\t\t<div class=\"elementor-element elementor-element-bb8e25b elementor-widget elementor-widget-image\" data-id=\"bb8e25b\" data-element_type=\"widget\" data-widget_type=\"image.default\">\n\t\t\t\t<div class=\"elementor-widget-container\">\n\t\t\t\t\t\t\t\t\t\t\t\t\t\t\t<img decoding=\"async\" width=\"1024\" height=\"683\" src=\"https:\/\/patrakala-maroloharano.mg\/wp-content\/uploads\/2025\/07\/IMG_4882-1024x683.jpg\" class=\"attachment-large size-large wp-image-2126\" alt=\"img 4882\" srcset=\"https:\/\/patrakala-maroloharano.mg\/wp-content\/uploads\/2025\/07\/IMG_4882-1024x683.jpg 1024w, https:\/\/patrakala-maroloharano.mg\/wp-content\/uploads\/2025\/07\/IMG_4882-300x200.jpg 300w, https:\/\/patrakala-maroloharano.mg\/wp-content\/uploads\/2025\/07\/IMG_4882-768x512.jpg 768w, https:\/\/patrakala-maroloharano.mg\/wp-content\/uploads\/2025\/07\/IMG_4882-1536x1024.jpg 1536w, https:\/\/patrakala-maroloharano.mg\/wp-content\/uploads\/2025\/07\/IMG_4882.jpg 1920w\" sizes=\"(max-width: 1024px) 100vw, 1024px\" \/>\t\t\t\t\t\t\t\t\t\t\t\t\t\t\t<\/div>\n\t\t\t\t<\/div>\n\t\t\t\t<div class=\"elementor-element elementor-element-7617171 elementor-widget elementor-widget-text-editor\" data-id=\"7617171\" data-element_type=\"widget\" data-widget_type=\"text-editor.default\">\n\t\t\t\t<div class=\"elementor-widget-container\">\n\t\t\t\t\t\t\t\t\t<p>Entreprise r\u00e9solument tourn\u00e9e vers l&#8217;avenir, nous d\u00e9veloppons continuellement nos technologies pour rester en phase avec l&#8217;\u00e9volution des besoins agricoles. Notre ambition est de contribuer significativement \u00e0 la s\u00e9curit\u00e9 alimentaire et au d\u00e9veloppement rural de Madagascar.<\/p>\t\t\t\t\t\t\t\t<\/div>\n\t\t\t\t<\/div>\n\t\t\t\t<\/div>\n\t\t\t\t\t<\/div>\n\t\t\t\t<\/div>\n\t\t<div class=\"elementor-element elementor-element-a24a7a0 e-flex e-con-boxed e-con e-parent\" data-id=\"a24a7a0\" data-element_type=\"container\">\n\t\t\t\t\t<div class=\"e-con-inner\">\n\t\t<div class=\"elementor-element elementor-element-f167743 e-con-full e-flex e-con e-child\" data-id=\"f167743\" data-element_type=\"container\">\n\t\t\t\t<div class=\"elementor-element elementor-element-8612a39 elementor-widget elementor-widget-heading\" data-id=\"8612a39\" data-element_type=\"widget\" data-widget_type=\"heading.default\">\n\t\t\t\t<div class=\"elementor-widget-container\">\n\t\t\t\t\t<h2 class=\"elementor-heading-title elementor-size-default\">Visitez notre site de d\u00e9monstration<\/h2>\t\t\t\t<\/div>\n\t\t\t\t<\/div>\n\t\t\t\t<div class=\"elementor-element elementor-element-430b72c elementor-widget elementor-widget-text-editor\" data-id=\"430b72c\" data-element_type=\"widget\" data-widget_type=\"text-editor.default\">\n\t\t\t\t<div class=\"elementor-widget-container\">\n\t\t\t\t\t\t\t\t\t<p>Situ\u00e9s dans la commune Ambatolampy Tsimahafotsy &#8211; fokontany Ambohimarina, notre site de d\u00e9monstration et d&#8217;exp\u00e9rimentation est ouvert 7j sur 7 pour une visite. Ce laboratoire \u00e0 ciel ouvert nous permet de tester nos innovations, d&#8217;exp\u00e9rimenter les nouvelles techniques et de capitaliser nos connaissances pratiques pour am\u00e9liorer continuellement nos services<\/p>\t\t\t\t\t\t\t\t<\/div>\n\t\t\t\t<\/div>\n\t\t\t\t<\/div>\n\t\t<div class=\"elementor-element elementor-element-c58ffaf e-con-full e-flex e-con e-child\" data-id=\"c58ffaf\" data-element_type=\"container\">\n\t\t\t\t<div class=\"elementor-element elementor-element-7e13acf elementor-widget elementor-widget-google_maps\" data-id=\"7e13acf\" data-element_type=\"widget\" data-widget_type=\"google_maps.default\">\n\t\t\t\t<div class=\"elementor-widget-container\">\n\t\t\t\t\t\t\t<div class=\"elementor-custom-embed\">\n\t\t\t<iframe loading=\"lazy\"\n\t\t\t\t\tsrc=\"https:\/\/maps.google.com\/maps?q=Tan%C3%A0na%20Patrakala&#038;t=m&#038;z=10&#038;output=embed&#038;iwloc=near\"\n\t\t\t\t\ttitle=\"Tan\u00e0na Patrakala\"\n\t\t\t\t\taria-label=\"Tan\u00e0na Patrakala\"\n\t\t\t><\/iframe>\n\t\t<\/div>\n\t\t\t\t\t\t<\/div>\n\t\t\t\t<\/div>\n\t\t\t\t<\/div>\n\t\t\t\t\t<\/div>\n\t\t\t\t<\/div>\n\t\t<div class=\"elementor-element elementor-element-3213eb8 e-flex e-con-boxed e-con e-parent\" data-id=\"3213eb8\" data-element_type=\"container\">\n\t\t\t\t\t<div class=\"e-con-inner\">\n\t\t\t\t<div class=\"elementor-element elementor-element-15a437d elementor-widget elementor-widget-heading\" data-id=\"15a437d\" data-element_type=\"widget\" data-widget_type=\"heading.default\">\n\t\t\t\t<div class=\"elementor-widget-container\">\n\t\t\t\t\t<h2 class=\"elementor-heading-title elementor-size-default\">PATRAKALA accueil et \u00e9v\u00e9nementiel<\/h2>\t\t\t\t<\/div>\n\t\t\t\t<\/div>\n\t\t\t\t<div class=\"elementor-element elementor-element-3178657 elementor-widget elementor-widget-text-editor\" data-id=\"3178657\" data-element_type=\"widget\" data-widget_type=\"text-editor.default\">\n\t\t\t\t<div class=\"elementor-widget-container\">\n\t\t\t\t\t\t\t\t\t<p>Au-del\u00e0 de nos activit\u00e9s agricoles, l&#8217;\u00e9tablissement PATRAKALA vous accueille \u00e9galement dans un cadre naturel exceptionnel avec vue sur le lac. Nos installations offrent un environnement propice \u00e0 la d\u00e9tente et aux activit\u00e9s de loisirs.<\/p>\t\t\t\t\t\t\t\t<\/div>\n\t\t\t\t<\/div>\n\t\t\t\t\t<\/div>\n\t\t\t\t<\/div>\n\t\t<div class=\"elementor-element elementor-element-590c266 e-flex e-con-boxed e-con e-parent\" data-id=\"590c266\" data-element_type=\"container\">\n\t\t\t\t\t<div class=\"e-con-inner\">\n\t\t\t\t<div class=\"elementor-element elementor-element-4c01163 elementor-arrows-position-inside elementor-pagination-position-outside elementor-widget elementor-widget-image-carousel\" data-id=\"4c01163\" data-element_type=\"widget\" data-settings=\"{&quot;navigation&quot;:&quot;both&quot;,&quot;autoplay&quot;:&quot;yes&quot;,&quot;pause_on_hover&quot;:&quot;yes&quot;,&quot;pause_on_interaction&quot;:&quot;yes&quot;,&quot;autoplay_speed&quot;:5000,&quot;infinite&quot;:&quot;yes&quot;,&quot;speed&quot;:500}\" data-widget_type=\"image-carousel.default\">\n\t\t\t\t<div class=\"elementor-widget-container\">\n\t\t\t\t\t\t\t<div class=\"elementor-image-carousel-wrapper swiper\" role=\"region\" aria-roledescription=\"carousel\" aria-label=\"Image Carousel\" dir=\"ltr\">\n\t\t\t<div class=\"elementor-image-carousel swiper-wrapper\" aria-live=\"off\">\n\t\t\t\t\t\t\t\t<div class=\"swiper-slide\" role=\"group\" aria-roledescription=\"slide\" aria-label=\"1 of 5\"><figure class=\"swiper-slide-inner\"><img decoding=\"async\" class=\"swiper-slide-image\" src=\"https:\/\/patrakala-maroloharano.mg\/wp-content\/uploads\/2025\/08\/IMG_9152-150x150.jpg\" alt=\"img 9152\" \/><\/figure><\/div><div class=\"swiper-slide\" role=\"group\" aria-roledescription=\"slide\" aria-label=\"2 of 5\"><figure class=\"swiper-slide-inner\"><img decoding=\"async\" class=\"swiper-slide-image\" src=\"https:\/\/patrakala-maroloharano.mg\/wp-content\/uploads\/2025\/08\/IMG_9729-150x150.jpg\" alt=\"img 9729\" \/><\/figure><\/div><div class=\"swiper-slide\" role=\"group\" aria-roledescription=\"slide\" aria-label=\"3 of 5\"><figure class=\"swiper-slide-inner\"><img decoding=\"async\" class=\"swiper-slide-image\" src=\"https:\/\/patrakala-maroloharano.mg\/wp-content\/uploads\/2025\/08\/IMG_9148-150x150.jpg\" alt=\"img 9148\" \/><\/figure><\/div><div class=\"swiper-slide\" role=\"group\" aria-roledescription=\"slide\" aria-label=\"4 of 5\"><figure class=\"swiper-slide-inner\"><img decoding=\"async\" class=\"swiper-slide-image\" src=\"https:\/\/patrakala-maroloharano.mg\/wp-content\/uploads\/2025\/08\/IMG_9157-150x150.jpg\" alt=\"img 9157\" \/><\/figure><\/div><div class=\"swiper-slide\" role=\"group\" aria-roledescription=\"slide\" aria-label=\"5 of 5\"><figure class=\"swiper-slide-inner\"><img decoding=\"async\" class=\"swiper-slide-image\" src=\"https:\/\/patrakala-maroloharano.mg\/wp-content\/uploads\/2025\/08\/IMG_8817-150x150.jpg\" alt=\"img 8817\" \/><\/figure><\/div>\t\t\t<\/div>\n\t\t\t\t\t\t\t\t\t\t\t\t<div class=\"elementor-swiper-button elementor-swiper-button-prev\" role=\"button\" tabindex=\"0\">\n\t\t\t\t\t\t<i aria-hidden=\"true\" class=\"eicon-chevron-left\"><\/i>\t\t\t\t\t<\/div>\n\t\t\t\t\t<div class=\"elementor-swiper-button elementor-swiper-button-next\" role=\"button\" tabindex=\"0\">\n\t\t\t\t\t\t<i aria-hidden=\"true\" class=\"eicon-chevron-right\"><\/i>\t\t\t\t\t<\/div>\n\t\t\t\t\n\t\t\t\t\t\t\t\t\t<div class=\"swiper-pagination\"><\/div>\n\t\t\t\t\t\t\t\t\t<\/div>\n\t\t\t\t\t\t<\/div>\n\t\t\t\t<\/div>\n\t\t\t\t\t<\/div>\n\t\t\t\t<\/div>\n\t\t<div class=\"elementor-element elementor-element-d2fe655 e-flex e-con-boxed e-con e-parent\" data-id=\"d2fe655\" data-element_type=\"container\">\n\t\t\t\t\t<div class=\"e-con-inner\">\n\t\t\t\t<div class=\"elementor-element elementor-element-1c0e224 elementor-position-top elementor-widget elementor-widget-image-box\" data-id=\"1c0e224\" data-element_type=\"widget\" data-widget_type=\"image-box.default\">\n\t\t\t\t<div class=\"elementor-widget-container\">\n\t\t\t\t\t<div class=\"elementor-image-box-wrapper\"><figure class=\"elementor-image-box-img\"><img decoding=\"async\" src=\"https:\/\/patrakala-maroloharano.mg\/wp-content\/plugins\/elementor\/assets\/images\/placeholder.png\" title=\"\" alt=\"\" loading=\"lazy\" \/><\/figure><div class=\"elementor-image-box-content\"><h3 class=\"elementor-image-box-title\">This is the heading<\/h3><p class=\"elementor-image-box-description\">Lorem ipsum dolor sit amet, consectetur adipiscing elit. Ut elit tellus, luctus nec ullamcorper mattis, pulvinar dapibus leo.<\/p><\/div><\/div>\t\t\t\t<\/div>\n\t\t\t\t<\/div>\n\t\t\t\t\t<\/div>\n\t\t\t\t<\/div>\n\t\t\t\t<\/div>\n\t\t","protected":false},"excerpt":{"rendered":"<p>MAROLOHARANO Nos origines Cr\u00e9\u00e9 en 2011, l&#8217;\u00c9tablissement PATRAKALA s&#8217;est impos\u00e9 comme la r\u00e9f\u00e9rence malagasy en mati\u00e8re de mise au point et de diffusion de kits d&#8217;irrigation goutte \u00e0 goutte. Notre parcours t\u00e9moigne d&#8217;un engagement constant envers l&#8217;innovation et l&#8217;excellence dans le domaine de l&#8217;irrigation. Notre vision Nous aspirons \u00e0 r\u00e9volutionner l&#8217;agriculture malgache en d\u00e9mocratisant l&#8217;acc\u00e8s [&hellip;]<\/p>\n","protected":false},"author":1,"featured_media":0,"parent":0,"menu_order":0,"comment_status":"closed","ping_status":"closed","template":"","meta":{"site-sidebar-layout":"no-sidebar","site-content-layout":"page-builder","ast-site-content-layout":"default","site-content-style":"default","site-sidebar-style":"default","ast-global-header-display":"","ast-banner-title-visibility":"","ast-main-header-display":"","ast-hfb-above-header-display":"","ast-hfb-below-header-display":"","ast-hfb-mobile-header-display":"","site-post-title":"disabled","ast-breadcrumbs-content":"","ast-featured-img":"disabled","footer-sml-layout":"","theme-transparent-header-meta":"enabled","adv-header-id-meta":"","stick-header-meta":"","header-above-stick-meta":"","header-main-stick-meta":"","header-below-stick-meta":"","astra-migrate-meta-layouts":"default","ast-page-background-enabled":"default","ast-page-background-meta":{"desktop":{"background-color":"var(--ast-global-color-4)","background-image":"","background-repeat":"repeat","background-position":"center center","background-size":"auto","background-attachment":"scroll","background-type":"","background-media":"","overlay-type":"","overlay-color":"","overlay-opacity":"","overlay-gradient":""},"tablet":{"background-color":"","background-image":"","background-repeat":"repeat","background-position":"center center","background-size":"auto","background-attachment":"scroll","background-type":"","background-media":"","overlay-type":"","overlay-color":"","overlay-opacity":"","overlay-gradient":""},"mobile":{"background-color":"","background-image":"","background-repeat":"repeat","background-position":"center center","background-size":"auto","background-attachment":"scroll","background-type":"","background-media":"","overlay-type":"","overlay-color":"","overlay-opacity":"","overlay-gradient":""}},"ast-content-background-meta":{"desktop":{"background-color":"var(--ast-global-color-5)","background-image":"","background-repeat":"repeat","background-position":"center center","background-size":"auto","background-attachment":"scroll","background-type":"","background-media":"","overlay-type":"","overlay-color":"","overlay-opacity":"","overlay-gradient":""},"tablet":{"background-color":"var(--ast-global-color-5)","background-image":"","background-repeat":"repeat","background-position":"center center","background-size":"auto","background-attachment":"scroll","background-type":"","background-media":"","overlay-type":"","overlay-color":"","overlay-opacity":"","overlay-gradient":""},"mobile":{"background-color":"var(--ast-global-color-5)","background-image":"","background-repeat":"repeat","background-position":"center center","background-size":"auto","background-attachment":"scroll","background-type":"","background-media":"","overlay-type":"","overlay-color":"","overlay-opacity":"","overlay-gradient":""}},"footnotes":""},"class_list":["post-1818","page","type-page","status-publish","hentry"],"_links":{"self":[{"href":"https:\/\/patrakala-maroloharano.mg\/index.php?rest_route=\/wp\/v2\/pages\/1818","targetHints":{"allow":["GET"]}}],"collection":[{"href":"https:\/\/patrakala-maroloharano.mg\/index.php?rest_route=\/wp\/v2\/pages"}],"about":[{"href":"https:\/\/patrakala-maroloharano.mg\/index.php?rest_route=\/wp\/v2\/types\/page"}],"author":[{"embeddable":true,"href":"https:\/\/patrakala-maroloharano.mg\/index.php?rest_route=\/wp\/v2\/users\/1"}],"replies":[{"embeddable":true,"href":"https:\/\/patrakala-maroloharano.mg\/index.php?rest_route=%2Fwp%2Fv2%2Fcomments&post=1818"}],"version-history":[{"count":12,"href":"https:\/\/patrakala-maroloharano.mg\/index.php?rest_route=\/wp\/v2\/pages\/1818\/revisions"}],"predecessor-version":[{"id":2207,"href":"https:\/\/patrakala-maroloharano.mg\/index.php?rest_route=\/wp\/v2\/pages\/1818\/revisions\/2207"}],"wp:attachment":[{"href":"https:\/\/patrakala-maroloharano.mg\/index.php?rest_route=%2Fwp%2Fv2%2Fmedia&parent=1818"}],"curies":[{"name":"wp","href":"https:\/\/api.w.org\/{rel}","templated":true}]}}