{"id":1817,"date":"2025-07-22T15:21:48","date_gmt":"2025-07-22T15:21:48","guid":{"rendered":"https:\/\/patrakala-maroloharano.mg\/home\/"},"modified":"2025-08-02T16:49:35","modified_gmt":"2025-08-02T16:49:35","slug":"home","status":"publish","type":"page","link":"https:\/\/patrakala-maroloharano.mg\/","title":{"rendered":"Accueil"},"content":{"rendered":"\t\t<div data-elementor-type=\"wp-page\" data-elementor-id=\"1817\" class=\"elementor elementor-1817\">\n\t\t\t\t<div class=\"elementor-element elementor-element-9e1a3b7 e-flex e-con-boxed e-con e-parent\" data-id=\"9e1a3b7\" data-element_type=\"container\" data-settings=\"{&quot;background_background&quot;:&quot;classic&quot;}\">\n\t\t\t\t\t<div class=\"e-con-inner\">\n\t\t<div class=\"elementor-element elementor-element-8f73ee5 e-con-full e-flex e-con e-child\" data-id=\"8f73ee5\" data-element_type=\"container\">\n\t\t\t\t<div class=\"elementor-element elementor-element-4a02dab elementor-widget elementor-widget-heading\" data-id=\"4a02dab\" data-element_type=\"widget\" data-widget_type=\"heading.default\">\n\t\t\t\t<div class=\"elementor-widget-container\">\n\t\t\t\t\t<h1 class=\"elementor-heading-title elementor-size-default\">Patrakala<\/h1>\t\t\t\t<\/div>\n\t\t\t\t<\/div>\n\t\t\t\t<div class=\"elementor-element elementor-element-93873aa elementor-widget elementor-widget-heading\" data-id=\"93873aa\" data-element_type=\"widget\" data-widget_type=\"heading.default\">\n\t\t\t\t<div class=\"elementor-widget-container\">\n\t\t\t\t\t<h2 class=\"elementor-heading-title elementor-size-default\">Maroloharano<\/h2>\t\t\t\t<\/div>\n\t\t\t\t<\/div>\n\t\t\t\t<div class=\"elementor-element elementor-element-d6ca061 elementor-widget-divider--view-line elementor-widget elementor-widget-divider\" data-id=\"d6ca061\" data-element_type=\"widget\" data-widget_type=\"divider.default\">\n\t\t\t\t<div class=\"elementor-widget-container\">\n\t\t\t\t\t\t\t<div class=\"elementor-divider\">\n\t\t\t<span class=\"elementor-divider-separator\">\n\t\t\t\t\t\t<\/span>\n\t\t<\/div>\n\t\t\t\t\t\t<\/div>\n\t\t\t\t<\/div>\n\t\t\t\t<div class=\"elementor-element elementor-element-e46045d elementor-widget elementor-widget-text-editor\" data-id=\"e46045d\" data-element_type=\"widget\" data-widget_type=\"text-editor.default\">\n\t\t\t\t<div class=\"elementor-widget-container\">\n\t\t\t\t\t\t\t\t\t<p>Sp\u00e9cialiste en Micro-Irrigation (SMI) goutte \u00e0 goutte \u00e0 Madagascar<\/p>\t\t\t\t\t\t\t\t<\/div>\n\t\t\t\t<\/div>\n\t\t\t\t<\/div>\n\t\t\t\t\t<\/div>\n\t\t\t\t<\/div>\n\t\t<div class=\"elementor-element elementor-element-57b9eda e-flex e-con-boxed e-con e-parent\" data-id=\"57b9eda\" data-element_type=\"container\">\n\t\t\t\t\t<div class=\"e-con-inner\">\n\t\t\t\t<div class=\"elementor-element elementor-element-3bb9f51 elementor-widget elementor-widget-text-editor\" data-id=\"3bb9f51\" data-element_type=\"widget\" data-widget_type=\"text-editor.default\">\n\t\t\t\t<div class=\"elementor-widget-container\">\n\t\t\t\t\t\t\t\t\t<p class=\"MsoNormal\" style=\"text-align: justify;\">Sp\u00e9cialiste dans le d\u00e9veloppement du Syst\u00e8me de MicroIrrigation (SMI) goutte \u00e0 goutte, l\u2019Etablissement PATRAKALA offre une gamme vari\u00e9e de produits Maroloharano adapt\u00e9s pour tout type de cultures. Sans se limiter \u00e0 la vente des mat\u00e9riels SMI, il g\u00e8re son propre site de d\u00e9monstration et d\u2019exp\u00e9rimentation sis \u00e0 Ambatolampy Tsimahafotsy o\u00f9 les connaissances d\u00e9gag\u00e9es de ses exp\u00e9riences sont capitalis\u00e9es et valoris\u00e9es pour contribuer aux efforts de mitigation des effets du changement climatique.<\/p><p>\u00a0<\/p><p class=\"MsoNormal\" style=\"text-align: justify;\">L\u2019entreprise d\u00e9veloppe les connaissances sur les technologies de l\u2019Agriculture durable comme paquet technique int\u00e9gr\u00e9 et offert avec le SMI.<\/p>\t\t\t\t\t\t\t\t<\/div>\n\t\t\t\t<\/div>\n\t\t\t\t\t<\/div>\n\t\t\t\t<\/div>\n\t\t<div class=\"elementor-element elementor-element-96bd614 e-flex e-con-boxed e-con e-parent\" data-id=\"96bd614\" data-element_type=\"container\">\n\t\t\t\t\t<div class=\"e-con-inner\">\n\t\t<div class=\"elementor-element elementor-element-f6f7e27 e-flex e-con-boxed e-con e-child\" data-id=\"f6f7e27\" data-element_type=\"container\">\n\t\t\t\t\t<div class=\"e-con-inner\">\n\t\t\t\t<div class=\"elementor-element elementor-element-d16f5b6 elementor-widget elementor-widget-heading\" data-id=\"d16f5b6\" data-element_type=\"widget\" data-widget_type=\"heading.default\">\n\t\t\t\t<div class=\"elementor-widget-container\">\n\t\t\t\t\t<h2 class=\"elementor-heading-title elementor-size-default\">Pourquoi nous choisir pour votre exploitation agricole ?<\/h2>\t\t\t\t<\/div>\n\t\t\t\t<\/div>\n\t\t\t\t<div class=\"elementor-element elementor-element-49160ad elementor-widget-divider--view-line elementor-widget elementor-widget-divider\" data-id=\"49160ad\" data-element_type=\"widget\" data-widget_type=\"divider.default\">\n\t\t\t\t<div class=\"elementor-widget-container\">\n\t\t\t\t\t\t\t<div class=\"elementor-divider\">\n\t\t\t<span class=\"elementor-divider-separator\">\n\t\t\t\t\t\t<\/span>\n\t\t<\/div>\n\t\t\t\t\t\t<\/div>\n\t\t\t\t<\/div>\n\t\t<div class=\"elementor-element elementor-element-a306a4a e-flex e-con-boxed e-con e-child\" data-id=\"a306a4a\" data-element_type=\"container\">\n\t\t\t\t\t<div class=\"e-con-inner\">\n\t\t<div class=\"elementor-element elementor-element-5822dc4 e-flex e-con-boxed e-con e-child\" data-id=\"5822dc4\" data-element_type=\"container\">\n\t\t\t\t\t<div class=\"e-con-inner\">\n\t\t\t\t<div class=\"elementor-element elementor-element-85cc8cf elementor-widget elementor-widget-image\" data-id=\"85cc8cf\" data-element_type=\"widget\" data-widget_type=\"image.default\">\n\t\t\t\t<div class=\"elementor-widget-container\">\n\t\t\t\t\t\t\t\t\t\t\t\t\t\t\t<img fetchpriority=\"high\" decoding=\"async\" width=\"1920\" height=\"1280\" src=\"https:\/\/patrakala-maroloharano.mg\/wp-content\/uploads\/2025\/07\/IMG_4882.jpg\" class=\"attachment-full size-full wp-image-2126\" alt=\"img 4882\" srcset=\"https:\/\/patrakala-maroloharano.mg\/wp-content\/uploads\/2025\/07\/IMG_4882.jpg 1920w, https:\/\/patrakala-maroloharano.mg\/wp-content\/uploads\/2025\/07\/IMG_4882-300x200.jpg 300w, https:\/\/patrakala-maroloharano.mg\/wp-content\/uploads\/2025\/07\/IMG_4882-1024x683.jpg 1024w, https:\/\/patrakala-maroloharano.mg\/wp-content\/uploads\/2025\/07\/IMG_4882-768x512.jpg 768w, https:\/\/patrakala-maroloharano.mg\/wp-content\/uploads\/2025\/07\/IMG_4882-1536x1024.jpg 1536w\" sizes=\"(max-width: 1920px) 100vw, 1920px\" \/>\t\t\t\t\t\t\t\t\t\t\t\t\t\t\t<\/div>\n\t\t\t\t<\/div>\n\t\t\t\t<div class=\"elementor-element elementor-element-153394c elementor-widget elementor-widget-heading\" data-id=\"153394c\" data-element_type=\"widget\" data-widget_type=\"heading.default\">\n\t\t\t\t<div class=\"elementor-widget-container\">\n\t\t\t\t\t<h3 class=\"elementor-heading-title elementor-size-default\">Confection de kits personnalis\u00e9s pour votre site d'exploitation<\/h3>\t\t\t\t<\/div>\n\t\t\t\t<\/div>\n\t\t\t\t\t<\/div>\n\t\t\t\t<\/div>\n\t\t<div class=\"elementor-element elementor-element-39b81fb e-flex e-con-boxed e-con e-child\" data-id=\"39b81fb\" data-element_type=\"container\">\n\t\t\t\t\t<div class=\"e-con-inner\">\n\t\t\t\t<div class=\"elementor-element elementor-element-66dde07 elementor-widget elementor-widget-image\" data-id=\"66dde07\" data-element_type=\"widget\" data-widget_type=\"image.default\">\n\t\t\t\t<div class=\"elementor-widget-container\">\n\t\t\t\t\t\t\t\t\t\t\t\t\t\t\t<img decoding=\"async\" width=\"1920\" height=\"1280\" src=\"https:\/\/patrakala-maroloharano.mg\/wp-content\/uploads\/2025\/07\/IMG_4875.jpg\" class=\"attachment-full size-full wp-image-2128\" alt=\"img 4875\" srcset=\"https:\/\/patrakala-maroloharano.mg\/wp-content\/uploads\/2025\/07\/IMG_4875.jpg 1920w, https:\/\/patrakala-maroloharano.mg\/wp-content\/uploads\/2025\/07\/IMG_4875-300x200.jpg 300w, https:\/\/patrakala-maroloharano.mg\/wp-content\/uploads\/2025\/07\/IMG_4875-1024x683.jpg 1024w, https:\/\/patrakala-maroloharano.mg\/wp-content\/uploads\/2025\/07\/IMG_4875-768x512.jpg 768w, https:\/\/patrakala-maroloharano.mg\/wp-content\/uploads\/2025\/07\/IMG_4875-1536x1024.jpg 1536w\" sizes=\"(max-width: 1920px) 100vw, 1920px\" \/>\t\t\t\t\t\t\t\t\t\t\t\t\t\t\t<\/div>\n\t\t\t\t<\/div>\n\t\t\t\t<div class=\"elementor-element elementor-element-f6bd0e8 elementor-widget elementor-widget-heading\" data-id=\"f6bd0e8\" data-element_type=\"widget\" data-widget_type=\"heading.default\">\n\t\t\t\t<div class=\"elementor-widget-container\">\n\t\t\t\t\t<h3 class=\"elementor-heading-title elementor-size-default\">Service apr\u00e8s-vente inclus<\/h3>\t\t\t\t<\/div>\n\t\t\t\t<\/div>\n\t\t\t\t\t<\/div>\n\t\t\t\t<\/div>\n\t\t<div class=\"elementor-element elementor-element-db379a5 e-flex e-con-boxed e-con e-child\" data-id=\"db379a5\" data-element_type=\"container\">\n\t\t\t\t\t<div class=\"e-con-inner\">\n\t\t\t\t<div class=\"elementor-element elementor-element-ece35b4 elementor-widget elementor-widget-image\" data-id=\"ece35b4\" data-element_type=\"widget\" data-widget_type=\"image.default\">\n\t\t\t\t<div class=\"elementor-widget-container\">\n\t\t\t\t\t\t\t\t\t\t\t\t\t\t\t<img decoding=\"async\" width=\"2560\" height=\"1920\" src=\"https:\/\/patrakala-maroloharano.mg\/wp-content\/uploads\/2025\/07\/IMG_3376-scaled.jpg\" class=\"attachment-full size-full wp-image-2130\" alt=\"img 3376\" srcset=\"https:\/\/patrakala-maroloharano.mg\/wp-content\/uploads\/2025\/07\/IMG_3376-scaled.jpg 2560w, https:\/\/patrakala-maroloharano.mg\/wp-content\/uploads\/2025\/07\/IMG_3376-300x225.jpg 300w, https:\/\/patrakala-maroloharano.mg\/wp-content\/uploads\/2025\/07\/IMG_3376-1024x768.jpg 1024w, https:\/\/patrakala-maroloharano.mg\/wp-content\/uploads\/2025\/07\/IMG_3376-768x576.jpg 768w, https:\/\/patrakala-maroloharano.mg\/wp-content\/uploads\/2025\/07\/IMG_3376-1536x1152.jpg 1536w, https:\/\/patrakala-maroloharano.mg\/wp-content\/uploads\/2025\/07\/IMG_3376-2048x1536.jpg 2048w\" sizes=\"(max-width: 2560px) 100vw, 2560px\" \/>\t\t\t\t\t\t\t\t\t\t\t\t\t\t\t<\/div>\n\t\t\t\t<\/div>\n\t\t\t\t<div class=\"elementor-element elementor-element-def9de2 elementor-widget elementor-widget-heading\" data-id=\"def9de2\" data-element_type=\"widget\" data-widget_type=\"heading.default\">\n\t\t\t\t<div class=\"elementor-widget-container\">\n\t\t\t\t\t<h3 class=\"elementor-heading-title elementor-size-default\">Exp\u00e9riment\u00e9 et r\u00e9f\u00e9rence dans le domaine<\/h3>\t\t\t\t<\/div>\n\t\t\t\t<\/div>\n\t\t\t\t\t<\/div>\n\t\t\t\t<\/div>\n\t\t\t\t\t<\/div>\n\t\t\t\t<\/div>\n\t\t\t\t\t<\/div>\n\t\t\t\t<\/div>\n\t\t\t\t\t<\/div>\n\t\t\t\t<\/div>\n\t\t<div class=\"elementor-element elementor-element-f457a2d e-flex e-con-boxed e-con e-parent\" data-id=\"f457a2d\" data-element_type=\"container\">\n\t\t\t\t\t<div class=\"e-con-inner\">\n\t\t<div class=\"elementor-element elementor-element-3b5731b e-con-full e-flex e-con e-child\" data-id=\"3b5731b\" data-element_type=\"container\">\n\t\t\t\t<div class=\"elementor-element elementor-element-51a9953 elementor-widget__width-initial elementor-widget elementor-widget-text-editor\" data-id=\"51a9953\" data-element_type=\"widget\" data-widget_type=\"text-editor.default\">\n\t\t\t\t<div class=\"elementor-widget-container\">\n\t\t\t\t\t\t\t\t\t<p>A PROPOS<\/p>\t\t\t\t\t\t\t\t<\/div>\n\t\t\t\t<\/div>\n\t\t\t\t<div class=\"elementor-element elementor-element-18de470 elementor-widget elementor-widget-button\" data-id=\"18de470\" data-element_type=\"widget\" data-widget_type=\"button.default\">\n\t\t\t\t<div class=\"elementor-widget-container\">\n\t\t\t\t\t\t\t\t\t<div class=\"elementor-button-wrapper\">\n\t\t\t\t\t<a class=\"elementor-button elementor-button-link elementor-size-sm\" href=\"#\">\n\t\t\t\t\t\t<span class=\"elementor-button-content-wrapper\">\n\t\t\t\t\t\t\t\t\t<span class=\"elementor-button-text\">Explorer<\/span>\n\t\t\t\t\t<\/span>\n\t\t\t\t\t<\/a>\n\t\t\t\t<\/div>\n\t\t\t\t\t\t\t\t<\/div>\n\t\t\t\t<\/div>\n\t\t\t\t<\/div>\n\t\t<div class=\"elementor-element elementor-element-162cad4 elementor-hidden-mobile e-con-full e-flex e-con e-child\" data-id=\"162cad4\" data-element_type=\"container\">\n\t\t<div class=\"elementor-element elementor-element-be94849 e-grid e-con-full e-con e-child\" data-id=\"be94849\" data-element_type=\"container\">\n\t\t\t\t<div class=\"elementor-element elementor-element-c1601b8 elementor-widget elementor-widget-image\" data-id=\"c1601b8\" data-element_type=\"widget\" data-widget_type=\"image.default\">\n\t\t\t\t<div class=\"elementor-widget-container\">\n\t\t\t\t\t\t\t\t\t\t\t\t\t\t\t<img loading=\"lazy\" decoding=\"async\" width=\"1024\" height=\"683\" src=\"https:\/\/patrakala-maroloharano.mg\/wp-content\/uploads\/2025\/08\/IMG_4893-1024x683.jpg\" class=\"attachment-large size-large wp-image-2184\" alt=\"img 4893\" srcset=\"https:\/\/patrakala-maroloharano.mg\/wp-content\/uploads\/2025\/08\/IMG_4893-1024x683.jpg 1024w, https:\/\/patrakala-maroloharano.mg\/wp-content\/uploads\/2025\/08\/IMG_4893-300x200.jpg 300w, https:\/\/patrakala-maroloharano.mg\/wp-content\/uploads\/2025\/08\/IMG_4893-768x512.jpg 768w, https:\/\/patrakala-maroloharano.mg\/wp-content\/uploads\/2025\/08\/IMG_4893-1536x1024.jpg 1536w, https:\/\/patrakala-maroloharano.mg\/wp-content\/uploads\/2025\/08\/IMG_4893.jpg 1920w\" sizes=\"(max-width: 1024px) 100vw, 1024px\" \/>\t\t\t\t\t\t\t\t\t\t\t\t\t\t\t<\/div>\n\t\t\t\t<\/div>\n\t\t\t\t<div class=\"elementor-element elementor-element-3f992c4 elementor-widget elementor-widget-image\" data-id=\"3f992c4\" data-element_type=\"widget\" data-widget_type=\"image.default\">\n\t\t\t\t<div class=\"elementor-widget-container\">\n\t\t\t\t\t\t\t\t\t\t\t\t\t\t\t<img loading=\"lazy\" decoding=\"async\" width=\"1024\" height=\"683\" src=\"https:\/\/patrakala-maroloharano.mg\/wp-content\/uploads\/2025\/08\/IMG_4879-1024x683.jpg\" class=\"attachment-large size-large wp-image-2183\" alt=\"img 4879\" srcset=\"https:\/\/patrakala-maroloharano.mg\/wp-content\/uploads\/2025\/08\/IMG_4879-1024x683.jpg 1024w, https:\/\/patrakala-maroloharano.mg\/wp-content\/uploads\/2025\/08\/IMG_4879-300x200.jpg 300w, https:\/\/patrakala-maroloharano.mg\/wp-content\/uploads\/2025\/08\/IMG_4879-768x512.jpg 768w, https:\/\/patrakala-maroloharano.mg\/wp-content\/uploads\/2025\/08\/IMG_4879-1536x1024.jpg 1536w, https:\/\/patrakala-maroloharano.mg\/wp-content\/uploads\/2025\/08\/IMG_4879.jpg 1920w\" sizes=\"(max-width: 1024px) 100vw, 1024px\" \/>\t\t\t\t\t\t\t\t\t\t\t\t\t\t\t<\/div>\n\t\t\t\t<\/div>\n\t\t\t\t<div class=\"elementor-element elementor-element-6811075 elementor-widget elementor-widget-image\" data-id=\"6811075\" data-element_type=\"widget\" data-widget_type=\"image.default\">\n\t\t\t\t<div class=\"elementor-widget-container\">\n\t\t\t\t\t\t\t\t\t\t\t\t\t\t\t<img loading=\"lazy\" decoding=\"async\" width=\"960\" height=\"720\" src=\"https:\/\/patrakala-maroloharano.mg\/wp-content\/uploads\/2025\/08\/Amboasary-atsimo-PAM-FAO.jpg\" class=\"attachment-large size-large wp-image-2182\" alt=\"\" srcset=\"https:\/\/patrakala-maroloharano.mg\/wp-content\/uploads\/2025\/08\/Amboasary-atsimo-PAM-FAO.jpg 960w, https:\/\/patrakala-maroloharano.mg\/wp-content\/uploads\/2025\/08\/Amboasary-atsimo-PAM-FAO-300x225.jpg 300w, https:\/\/patrakala-maroloharano.mg\/wp-content\/uploads\/2025\/08\/Amboasary-atsimo-PAM-FAO-768x576.jpg 768w\" sizes=\"(max-width: 960px) 100vw, 960px\" \/>\t\t\t\t\t\t\t\t\t\t\t\t\t\t\t<\/div>\n\t\t\t\t<\/div>\n\t\t\t\t<div class=\"elementor-element elementor-element-7a5304f elementor-widget elementor-widget-image\" data-id=\"7a5304f\" data-element_type=\"widget\" data-widget_type=\"image.default\">\n\t\t\t\t<div class=\"elementor-widget-container\">\n\t\t\t\t\t\t\t\t\t\t\t\t\t\t\t<img loading=\"lazy\" decoding=\"async\" width=\"1024\" height=\"683\" src=\"https:\/\/patrakala-maroloharano.mg\/wp-content\/uploads\/2025\/08\/IMG_4905-1024x683.jpg\" class=\"attachment-large size-large wp-image-2185\" alt=\"img 4905\" srcset=\"https:\/\/patrakala-maroloharano.mg\/wp-content\/uploads\/2025\/08\/IMG_4905-1024x683.jpg 1024w, https:\/\/patrakala-maroloharano.mg\/wp-content\/uploads\/2025\/08\/IMG_4905-300x200.jpg 300w, https:\/\/patrakala-maroloharano.mg\/wp-content\/uploads\/2025\/08\/IMG_4905-768x512.jpg 768w, https:\/\/patrakala-maroloharano.mg\/wp-content\/uploads\/2025\/08\/IMG_4905-1536x1024.jpg 1536w, https:\/\/patrakala-maroloharano.mg\/wp-content\/uploads\/2025\/08\/IMG_4905.jpg 1920w\" sizes=\"(max-width: 1024px) 100vw, 1024px\" \/>\t\t\t\t\t\t\t\t\t\t\t\t\t\t\t<\/div>\n\t\t\t\t<\/div>\n\t\t\t\t<\/div>\n\t\t\t\t<\/div>\n\t\t\t\t\t<\/div>\n\t\t\t\t<\/div>\n\t\t<div class=\"elementor-element elementor-element-16ec7fa e-flex e-con-boxed e-con e-parent\" data-id=\"16ec7fa\" data-element_type=\"container\" data-settings=\"{&quot;background_background&quot;:&quot;classic&quot;}\">\n\t\t\t\t\t<div class=\"e-con-inner\">\n\t\t<div class=\"elementor-element elementor-element-d13f07f e-con-full e-flex e-con e-child\" data-id=\"d13f07f\" data-element_type=\"container\">\n\t\t\t\t<div class=\"elementor-element elementor-element-ba599af elementor-widget elementor-widget-heading\" data-id=\"ba599af\" data-element_type=\"widget\" data-widget_type=\"heading.default\">\n\t\t\t\t<div class=\"elementor-widget-container\">\n\t\t\t\t\t<h1 class=\"elementor-heading-title elementor-size-default\">Des questions ?<\/h1>\t\t\t\t<\/div>\n\t\t\t\t<\/div>\n\t\t\t\t<div class=\"elementor-element elementor-element-03937cd elementor-widget elementor-widget-text-editor\" data-id=\"03937cd\" data-element_type=\"widget\" data-widget_type=\"text-editor.default\">\n\t\t\t\t<div class=\"elementor-widget-container\">\n\t\t\t\t\t\t\t\t\t<p>Pour tout devis, remarques, requ\u00eates apr\u00e8s-vente ou pour nous partager l&#8217;avanc\u00e9e de votre installation agricole, notre bo\u00eete mail vous \u00eates toujours ouverte.\u00a0<\/p>\t\t\t\t\t\t\t\t<\/div>\n\t\t\t\t<\/div>\n\t\t\t\t<div class=\"elementor-element elementor-element-639a73b elementor-align-center elementor-widget elementor-widget-button\" data-id=\"639a73b\" data-element_type=\"widget\" data-widget_type=\"button.default\">\n\t\t\t\t<div class=\"elementor-widget-container\">\n\t\t\t\t\t\t\t\t\t<div class=\"elementor-button-wrapper\">\n\t\t\t\t\t<a class=\"elementor-button elementor-button-link elementor-size-sm\" href=\"#\">\n\t\t\t\t\t\t<span class=\"elementor-button-content-wrapper\">\n\t\t\t\t\t\t\t\t\t<span class=\"elementor-button-text\">Envoyer un email<\/span>\n\t\t\t\t\t<\/span>\n\t\t\t\t\t<\/a>\n\t\t\t\t<\/div>\n\t\t\t\t\t\t\t\t<\/div>\n\t\t\t\t<\/div>\n\t\t\t\t<\/div>\n\t\t\t\t\t<\/div>\n\t\t\t\t<\/div>\n\t\t\t\t<\/div>\n\t\t","protected":false},"excerpt":{"rendered":"<p>Patrakala Maroloharano Sp\u00e9cialiste en Micro-Irrigation (SMI) goutte \u00e0 goutte \u00e0 Madagascar Sp\u00e9cialiste dans le d\u00e9veloppement du Syst\u00e8me de MicroIrrigation (SMI) goutte \u00e0 goutte, l\u2019Etablissement PATRAKALA offre une gamme vari\u00e9e de produits Maroloharano adapt\u00e9s pour tout type de cultures. Sans se limiter \u00e0 la vente des mat\u00e9riels SMI, il g\u00e8re son propre site de d\u00e9monstration et [&hellip;]<\/p>\n","protected":false},"author":1,"featured_media":0,"parent":0,"menu_order":0,"comment_status":"closed","ping_status":"closed","template":"","meta":{"site-sidebar-layout":"no-sidebar","site-content-layout":"page-builder","ast-site-content-layout":"default","site-content-style":"default","site-sidebar-style":"default","ast-global-header-display":"","ast-banner-title-visibility":"","ast-main-header-display":"","ast-hfb-above-header-display":"","ast-hfb-below-header-display":"","ast-hfb-mobile-header-display":"","site-post-title":"disabled","ast-breadcrumbs-content":"","ast-featured-img":"disabled","footer-sml-layout":"","theme-transparent-header-meta":"enabled","adv-header-id-meta":"","stick-header-meta":"","header-above-stick-meta":"","header-main-stick-meta":"","header-below-stick-meta":"","astra-migrate-meta-layouts":"default","ast-page-background-enabled":"default","ast-page-background-meta":{"desktop":{"background-color":"var(--ast-global-color-4)","background-image":"","background-repeat":"repeat","background-position":"center center","background-size":"auto","background-attachment":"scroll","background-type":"","background-media":"","overlay-type":"","overlay-color":"","overlay-opacity":"","overlay-gradient":""},"tablet":{"background-color":"","background-image":"","background-repeat":"repeat","background-position":"center center","background-size":"auto","background-attachment":"scroll","background-type":"","background-media":"","overlay-type":"","overlay-color":"","overlay-opacity":"","overlay-gradient":""},"mobile":{"background-color":"","background-image":"","background-repeat":"repeat","background-position":"center center","background-size":"auto","background-attachment":"scroll","background-type":"","background-media":"","overlay-type":"","overlay-color":"","overlay-opacity":"","overlay-gradient":""}},"ast-content-background-meta":{"desktop":{"background-color":"var(--ast-global-color-5)","background-image":"","background-repeat":"repeat","background-position":"center center","background-size":"auto","background-attachment":"scroll","background-type":"","background-media":"","overlay-type":"","overlay-color":"","overlay-opacity":"","overlay-gradient":""},"tablet":{"background-color":"var(--ast-global-color-5)","background-image":"","background-repeat":"repeat","background-position":"center center","background-size":"auto","background-attachment":"scroll","background-type":"","background-media":"","overlay-type":"","overlay-color":"","overlay-opacity":"","overlay-gradient":""},"mobile":{"background-color":"var(--ast-global-color-5)","background-image":"","background-repeat":"repeat","background-position":"center center","background-size":"auto","background-attachment":"scroll","background-type":"","background-media":"","overlay-type":"","overlay-color":"","overlay-opacity":"","overlay-gradient":""}},"footnotes":""},"class_list":["post-1817","page","type-page","status-publish","hentry"],"_links":{"self":[{"href":"https:\/\/patrakala-maroloharano.mg\/index.php?rest_route=\/wp\/v2\/pages\/1817","targetHints":{"allow":["GET"]}}],"collection":[{"href":"https:\/\/patrakala-maroloharano.mg\/index.php?rest_route=\/wp\/v2\/pages"}],"about":[{"href":"https:\/\/patrakala-maroloharano.mg\/index.php?rest_route=\/wp\/v2\/types\/page"}],"author":[{"embeddable":true,"href":"https:\/\/patrakala-maroloharano.mg\/index.php?rest_route=\/wp\/v2\/users\/1"}],"replies":[{"embeddable":true,"href":"https:\/\/patrakala-maroloharano.mg\/index.php?rest_route=%2Fwp%2Fv2%2Fcomments&post=1817"}],"version-history":[{"count":24,"href":"https:\/\/patrakala-maroloharano.mg\/index.php?rest_route=\/wp\/v2\/pages\/1817\/revisions"}],"predecessor-version":[{"id":2188,"href":"https:\/\/patrakala-maroloharano.mg\/index.php?rest_route=\/wp\/v2\/pages\/1817\/revisions\/2188"}],"wp:attachment":[{"href":"https:\/\/patrakala-maroloharano.mg\/index.php?rest_route=%2Fwp%2Fv2%2Fmedia&parent=1817"}],"curies":[{"name":"wp","href":"https:\/\/api.w.org\/{rel}","templated":true}]}}